{"id":1075,"date":"2022-05-24T00:57:59","date_gmt":"2022-05-24T00:57:59","guid":{"rendered":"https:\/\/obd.dandyshipping.com\/?page_id=71"},"modified":"2024-08-24T12:29:45","modified_gmt":"2024-08-24T10:29:45","slug":"uber-mich","status":"publish","type":"page","link":"https:\/\/tanjaschwarz.es\/en\/uber-mich\/","title":{"rendered":"About me"},"content":{"rendered":"<div data-elementor-type=\"wp-page\" data-elementor-id=\"1075\" class=\"elementor elementor-1075\">\n\t\t\t\t\t\t<section class=\"elementor-section elementor-top-section elementor-element elementor-element-6cbac49 elementor-section-content-middle elementor-section-boxed elementor-section-height-default elementor-section-height-default\" data-id=\"6cbac49\" data-element_type=\"section\" data-e-type=\"section\" data-settings=\"{&quot;background_background&quot;:&quot;classic&quot;}\">\n\t\t\t\t\t\t<div class=\"elementor-container elementor-column-gap-wider\">\n\t\t\t\t\t<div class=\"elementor-column elementor-col-100 elementor-top-column elementor-element elementor-element-f699b55\" data-id=\"f699b55\" data-element_type=\"column\" data-e-type=\"column\">\n\t\t\t<div class=\"elementor-widget-wrap elementor-element-populated\">\n\t\t\t\t\t\t<div class=\"elementor-element elementor-element-9835339 elementor-widget elementor-widget-heading\" data-id=\"9835339\" data-element_type=\"widget\" data-e-type=\"widget\" data-widget_type=\"heading.default\">\n\t\t\t\t<div class=\"elementor-widget-container\">\n\t\t\t\t\t<h1 class=\"elementor-heading-title elementor-size-default\">About me<\/h1>\t\t\t\t<\/div>\n\t\t\t\t<\/div>\n\t\t\t\t<div class=\"elementor-element elementor-element-1bd1408 elementor-widget__width-initial elementor-widget elementor-widget-text-editor\" data-id=\"1bd1408\" data-element_type=\"widget\" data-e-type=\"widget\" data-widget_type=\"text-editor.default\">\n\t\t\t\t<div class=\"elementor-widget-container\">\n\t\t\t\t\t\t\t\t\t<p style=\"text-align: center;\">Ich soll dir jetzt \u00fcber mein Leben erz\u00e4hlen.<\/p><p style=\"text-align: center;\">Nein, zuallererst werde ich dir erz\u00e4hlen, wie ich dir in Deinem helfe (wenn du m\u00f6chtest, nat\u00fcrlich).<\/p><p>\u00a0<\/p><p style=\"text-align: center;\">Denn das ist es, was ich im Grunde tue, n\u00e4mlich mit anderen zusammenzuarbeiten und ihnen so gut wie m\u00f6glich zu helfen.<\/p><p style=\"text-align: center;\">Oft mache ich solidarische Dinge (diese mache ich nat\u00fcrlich gratis),<\/p><p style=\"text-align: center;\">und\u00a0andere, indem ich anderen dabei helfe, ihr Ziel im Leben zu erreichen<br \/>indem ich ihnen die S\u00e4ulen der Produktivit\u00e4t beibringe<br \/>die mich dahin gebracht haben, wo ich bin<br \/>und nat\u00fcrlich tue ich Letzteres, indem ich bezahlt werde.<\/p><p>\u00a0<\/p><p style=\"text-align: center;\">Ich habe versucht, meinen Strom, mein Gas, mein Benzin und meine Miete zu bezahlen mit<br \/>Freundlichkeit und mir wurde gesagt, das geht so nicht &#8230;.<\/p><p>\u00a0<\/p><p style=\"text-align: center;\">Denn die Anbieter sind sehr an guten Absichten interessiert,<br \/>aber sie bevorzugen Geld, also habe ich beschlossen,<\/p><p style=\"text-align: center;\">f\u00fcr meine Dienste Geld zu verlangen,<\/p><p style=\"text-align: center;\">um andere Dienste zu bezahlen, und alle sind zufrieden.<\/p><p style=\"text-align: center;\">Und wenn ich Geld verdiene, habe ich mehr Zeit, um vielen Menschen und Tieren zu helfen,<br \/>vielen Menschen und Tieren solidarisch zu helfen.<br \/>Und wenn du durch besseres Deutschsprechen ein h\u00f6heres Gehalt verdienst, was du bei mir lernen wirst,<\/p><p style=\"text-align: center;\">dann hast du mehr Geld,<\/p><p style=\"text-align: center;\">um mehr Zeit zu haben und so weiter und so fort.<\/p><p>\u00a0<\/p><p style=\"text-align: center;\">Jetzt denkst du wahrscheinlich&#8230;<br \/>Oh Mann, ich bin neugierig, erz\u00e4hl mir etwas \u00fcber dein Leben!<br \/>Nun ja, &#8230;.<br \/>Aber du, was zum Teufel machst du beruflich?<br \/>Wer zum Teufel bist du?<br \/>Diese Frage h\u00f6re ich seit Jahren und ich habe immer das Gleiche geantwortet:<\/p><p style=\"text-align: center;\">&#8222;Wenn du mir 15 Minuten Zeit gibst, erkl\u00e4re ich es dir&#8220;.<br \/>Mein ganzes Leben, meine Arbeit und meine Wunder.<\/p><p>\u00a0<\/p><p style=\"text-align: center;\">Aber vor kurzem hat mich eine Freundin wieder gefragt und ich dachte mir:<\/p><p style=\"text-align: center;\">&#8222;Was mache ich eigentlich beruflich?<br \/>Womit verdiene ich wirklich mein Geld?<\/p><p>\u00a0<\/p><p style=\"text-align: center;\">Und ich erinnerte mich an den Spruch von Aristoteles: &#8222;Wir sind, was wir wiederholt tun.<br \/>was wir wiederholt tun.<\/p><p style=\"text-align: center;\">Exzellenz ist also keine Handlung, sie ist eine Gewohnheit&#8220;.<\/p><p style=\"text-align: center;\">Mit anderen Worten: Wir sind, was wir tun, und nicht, was wir sagen, dass wir tun.<\/p><p>\u00a0<\/p><p style=\"text-align: center;\">Und ich dachte:<br \/>Was tue ich am h\u00e4ufigsten?<br \/>Denn das ist es, was ich bin, egal wie sehr ich versuche, das Gegenteil zu behaupten.<\/p><p style=\"text-align: center;\">Und die Antwort lautet:<\/p><p>\u00a0<\/p><p style=\"text-align: center;\">Ich bin ein Schmetterling.<\/p><p>\u00a0<\/p><p style=\"text-align: center;\">Ich erkl\u00e4re es:<\/p><p style=\"text-align: center;\">Ich bin eine Verr\u00fcckte, die sich st\u00e4ndig pers\u00f6nlich weiterentwickelt, w\u00e4chst und sich wandelt,<\/p><p style=\"text-align: center;\">das hei\u00dft, ich bin ein<br \/>Schmetterling.<\/p><p style=\"text-align: center;\">Damit du es verstehst, fange ich am Anfang an.<\/p><p style=\"text-align: center;\">Ich komme aus N\u00fcrnberg, Deutschland und absolvierte mit 18 Jahren eine Ausbildung zur Rechtsanwaltsfachangestellten in N\u00fcrnberg.<\/p><p style=\"text-align: center;\">Die Ausbildung dauerte 3 Jahre und ich war heilfroh, als diese vorbei war.<\/p><p>\u00a0<\/p><p style=\"text-align: center;\">Aus welchem Grund? Ich hatte schon seit Jahren etwas gemacht, das mich begeisterte: Sprachenlernen.<br \/>Sobald ich die Ausbildung fertig hatte, fing ich an Englisch und Spanisch zu studieren, meldete mich bei einer Sprachenschule an und wanderte schlie\u00dflich im Alter von 24 Jahren nach England und danach nach Spanien aus,<\/p><p style=\"text-align: center;\">da ich \u00fcberzeugt war dort flie\u00dfend sprechen zu lernen.<\/p><p>\u00a0<\/p><p style=\"text-align: center;\">Am Anfang war es hart, denn ich verstand kaum ein Wort, und das, obwohl ich in Deutschland die Sprachen gelernt und teilweise auch nach der Sprachenschule in zwei Firmen angewandt hatte. Doch nur mit Lehrern, die haupts\u00e4chlich die Grammatik lehrten oder mit Asiaten, die selbst kaum die Fremdsprache sprechen konnten, brachte mich nicht wirklich weiter. Das merkte ich schnell.<\/p><p>\u00a0<\/p><p style=\"text-align: center;\">Das erste, was ich also lernte war, mich weiterzuentwickeln, und zwar im Ausland, dort, wo die Experten leben. Das war 2003.<\/p><p style=\"text-align: center;\">Ich arbeitete 6 Monate in einem Hotel in England und danach in verschiedenen internationalen Unternehmen in Madrid, Spanien und lernte dort auch schnell gemeinsam mit den Arbeitskollegen die Landes- und Firmensprache.<\/p><p>\u00a0<\/p><p style=\"text-align: center;\">ERSTE EVOLUTION: WEITERENTWICKLUNG<\/p><p>\u00a0<\/p><p style=\"text-align: center;\">Naja und dann w\u00e4hrend der Pandemie 2020 meldete ich mich zu meinem ersten eigenen pers\u00f6nlichen Coaching an, um mich auf Social Media zurechtzufinden und mein eigenes Business zu starten. Kurz danach meldete ich mich neben meiner Vollzeitbesch\u00e4ftigung auch selbstst\u00e4ndig und startete mit klassischem Deutschunterricht zur Vorbereitung auf die Goethe- und Telc-Pr\u00fcfungen.<\/p><p>\u00a0<\/p><p style=\"text-align: center;\">Die Unternehmerwelt gefiel mir immer mehr und da ich tolles Feedback erhielt und alle Kunden ihre Pr\u00fcfungen meisterten, startete ich mit Business-Deutsch-Coachings f\u00fcr Fach- und F\u00fchrungskr\u00e4fte und h\u00f6rte gebannt zu, was meine Kunden und Interessenten erz\u00e4hlten.<\/p><p style=\"text-align: center;\">Ich habe so viel gelernt, wie ich konnte und tu das noch immer. Schlie\u00dflich habe ich die Gelegenheit, von gro\u00dfen Unternehmen und gleichzeitig von ihren Angestellten und F\u00fchrungskr\u00e4ften live zu lernen und wurde und werde daf\u00fcr auch noch bezahlt!<\/p><p>\u00a0<\/p><p style=\"text-align: center;\">ZWEITE EVOLUTION: WACHSTUM<\/p><p>\u00a0<\/p><p style=\"text-align: center;\">Eines sch\u00f6nen Tages wurde ich zu einer E-Mail-Marketing-Weiterbildung motiviert, und meine Antwort war sofort: NEIN<br \/>Ich mache keine Weiterbildung im Marketing &#8230;<br \/>&#8230;aber 5 Minuten sp\u00e4ter rief ich die Freundin an und sagte: &#8222;Ich bin dabei!&#8220;<br \/>Was ist das Schlimmste, was passieren kann?<\/p><p>\u00a0<\/p><p style=\"text-align: center;\">2 Monate sp\u00e4ter startete ich als Quentn-Lizenzberaterin f\u00fcr E-Mail-Marketing und gab meinem eigenen Business eine Schubser in die richtige Richtung: Hin zur Online-Automatisierung. Seitdem helfe ich Selbstst\u00e4ndigen, klein- und mittelst\u00e4ndischen Unternehmen ihre Produkte zu verkaufen und online gesehen zu werden.<\/p><p>\u00a0<\/p><p style=\"text-align: center;\">DRITTE EVOLUTION: WANDLUNG<\/p><p>\u00a0<\/p><p style=\"text-align: center;\">Und zwischendurch bilde ich mich im Marketing, Verkauf und der KI (k\u00fcnstlichen Intelligenz) weiter.<br \/>Ich lerne jeden Tag aufs Neue von den Besten.<\/p><p style=\"text-align: center;\">Zurzeit bin ich aktiv als Deutsch-Coach und an mehr als 3 unternehmerischen Projekten beteiligt.<\/p><p>\u00a0<\/p><p style=\"text-align: center;\">VIERTE EVOLUTION: WEITERENTWICKLUNG<\/p><p>\u00a0<\/p><p style=\"text-align: center;\">Was bin ich dann? Nun, im Grunde in dieser Reihenfolge:<br \/>Experte im Online-Business-Aufbau, Coach, Berater, Sachbearbeiter und Executive Assistant.<\/p><p style=\"text-align: center;\">Konfuzius sagte schon: &#8222;W\u00e4hle einen Beruf, den du liebst, und du brauchst keinen Tag in deinem Leben mehr zu arbeiten.&#8220; Hier steckt Leidenschaft und Freude dahinter, wenn man etwas tut, das man wirklich gerne macht.<\/p><p>\u00a0<\/p><p style=\"text-align: center;\">So bin ich bei den beiden Dingen gelandet, die mich am meisten faszinieren, um anderen Menschen zu helfen:<\/p><p style=\"text-align: center;\">SPRACHEN UND MARKETING<\/p><p style=\"text-align: center;\">Und obendrein werde ich auch noch bezahlt!<\/p><p>\u00a0<\/p><p style=\"text-align: center;\">Denn ich liebe es, ein lebenslanger Lerner zu sein.<br \/>Ich beginne jetzt mit Online-Kursen, weil ich erkannt habe, dass das der einzige Weg ist, andere zu erreichen:<\/p><p style=\"text-align: center;\">Ich habe erkannt, dass es der einzige Weg ist, Andere in allen Ecken der Welt zu jeder Zeit zu erreichen. Sie gewinnen und ich gewinne.<\/p><p>\u00a0<\/p><p style=\"text-align: center;\">F\u00dcNFTE EVOLUTION: WACHSTUM<\/p><p>\u00a0<\/p><p style=\"text-align: center;\">Und ich gebe seit einigen Jahren Online-Kurse, von einem Pr\u00e4sentationsminikurs bis hin zu einem Business-Deutsch-Coaching, das allen hilft, die \u00fcber bessere Deutschkenntnisse einen besseren Job erreichen wollen.<\/p><p style=\"text-align: center;\">Aber wenn es eine Sache gibt, die mich fasziniert, dann ist es, anderen zu helfen, mehr aus ihrem Leben zu machen, ihnen zu helfen, ihre Ziele zu erreichen und &#8211; warum nicht? &#8230; ihre Tr\u00e4ume zu erf\u00fcllen. Ist das nicht etwas wunderbares?<\/p><p>\u00a0<\/p><p style=\"text-align: center;\">Und ich bin begeistert von allem, was mir meine Teilnehmer erz\u00e4hlen.<\/p><p style=\"text-align: center;\">Und wenn sie begeistert sind, bin ich auch begeistert.<\/p><p>\u00a0<\/p><p style=\"text-align: center;\">Und ich h\u00f6re nicht auf und habe gerade einen neuen Kurs \u00fcber E-Mail-Marketing und dessen Automatisierung beendet,<br \/>denn ob du es glaubst oder nicht, wir nutzen die Techniken zu wenig und verwenden weniger als 10 % der freien Kapazit\u00e4t.<\/p><p>\u00a0<\/p><p style=\"text-align: center;\">Und dann rief mich eine Bekannte an und lud mich zu einer Online-Challenge \u00fcber das Thema KI-Marketing-Automation ein und ich sagte:<\/p><p style=\"text-align: center;\">Ich bin mir nicht sicher und mitten im Satz sagte ich: Warum nicht?<\/p><p style=\"text-align: center;\">Und jetzt bereite ich mein Online-Business neu auf, aufgeregt wie ein kleines Kind &#8230;<\/p><p>\u00a0<\/p><p style=\"text-align: center;\">Und ich denke schon, dass diese Webseite in dem Moment, in dem ich sie ver\u00f6ffentliche,<\/p><p style=\"text-align: center;\">veraltet sein wird, weil mir tausend andere Dinge einfallen &#8230;<\/p><p style=\"text-align: center;\">Und wenn du genauso engagiert sein willst wie ich<br \/>und etwas Neues in deinem Leben beginnen willst.<br \/>und andere Dinge tun<br \/>und mehr erreichen<br \/>und deine Tr\u00e4ume St\u00fcck f\u00fcr St\u00fcck erf\u00fcllen willst,<\/p><p style=\"text-align: center;\">melde dich einfach hier an und starte durch.<\/p>\t\t\t\t\t\t\t\t<\/div>\n\t\t\t\t<\/div>\n\t\t\t\t\t<\/div>\n\t\t<\/div>\n\t\t\t\t\t<\/div>\n\t\t<\/section>\n\t\t\t\t<section class=\"elementor-section elementor-top-section elementor-element elementor-element-08b1488 elementor-section-boxed elementor-section-height-default elementor-section-height-default\" data-id=\"08b1488\" data-element_type=\"section\" data-e-type=\"section\">\n\t\t\t\t\t\t<div class=\"elementor-container elementor-column-gap-default\">\n\t\t\t\t\t<div class=\"elementor-column elementor-col-100 elementor-top-column elementor-element elementor-element-d4699e4\" data-id=\"d4699e4\" data-element_type=\"column\" data-e-type=\"column\">\n\t\t\t<div class=\"elementor-widget-wrap elementor-element-populated\">\n\t\t\t\t\t\t<div class=\"elementor-element elementor-element-8e7a1da elementor-widget elementor-widget-heading\" data-id=\"8e7a1da\" data-element_type=\"widget\" data-e-type=\"widget\" data-widget_type=\"heading.default\">\n\t\t\t\t<div class=\"elementor-widget-container\">\n\t\t\t\t\t<h2 class=\"elementor-heading-title elementor-size-default\">Und worauf wartest du?<\/h2>\t\t\t\t<\/div>\n\t\t\t\t<\/div>\n\t\t\t\t<div class=\"elementor-element elementor-element-fd9dcce elementor-align-center elementor-widget elementor-widget-button\" data-id=\"fd9dcce\" data-element_type=\"widget\" data-e-type=\"widget\" data-widget_type=\"button.default\">\n\t\t\t\t<div class=\"elementor-widget-container\">\n\t\t\t\t\t\t\t\t\t<div class=\"elementor-button-wrapper\">\n\t\t\t\t\t<a class=\"elementor-button elementor-button-link elementor-size-sm\" href=\"https:\/\/calendly.com\/terminbuchungtanjaschwarz\/kostenloses-beratungsgesprach\">\n\t\t\t\t\t\t<span class=\"elementor-button-content-wrapper\">\n\t\t\t\t\t\t\t\t\t<span class=\"elementor-button-text\">Jetzt kostenloses Erstgespr\u00e4ch buchen<\/span>\n\t\t\t\t\t<\/span>\n\t\t\t\t\t<\/a>\n\t\t\t\t<\/div>\n\t\t\t\t\t\t\t\t<\/div>\n\t\t\t\t<\/div>\n\t\t\t\t\t<\/div>\n\t\t<\/div>\n\t\t\t\t\t<\/div>\n\t\t<\/section>\n\t\t\t\t<\/div>","protected":false},"excerpt":{"rendered":"<p>\u00dcber mich Ich soll dir jetzt \u00fcber mein Leben erz\u00e4hlen. Nein, zuallererst werde ich dir erz\u00e4hlen, wie ich dir in Deinem helfe (wenn du m\u00f6chtest, nat\u00fcrlich). \u00a0 Denn das ist es, was ich im Grunde [&hellip;]<\/p>","protected":false},"author":2,"featured_media":0,"parent":0,"menu_order":0,"comment_status":"closed","ping_status":"closed","template":"","meta":{"_eb_attr":"","_monsterinsights_skip_tracking":false,"_monsterinsights_sitenote_active":false,"_monsterinsights_sitenote_note":"","_monsterinsights_sitenote_category":0,"footnotes":""},"class_list":["post-1075","page","type-page","status-publish","hentry"],"yoast_head":"<!-- This site is optimized with the Yoast SEO plugin v23.4 - https:\/\/yoast.com\/wordpress\/plugins\/seo\/ -->\n<title>\u00dcber mich - Tanja Schwarz<\/title>\n<meta name=\"description\" content=\"Mein Name ist Tanja und zusammen mit meinem Team begleiten wir dich auf deiner Reise Deutsch zu lernen. Wie? Per Live-Videokonferenz.\" \/>\n<meta name=\"robots\" content=\"index, follow, max-snippet:-1, max-image-preview:large, max-video-preview:-1\" \/>\n<link rel=\"canonical\" href=\"https:\/\/tanjaschwarz.es\/en\/uber-mich\/\" \/>\n<meta property=\"og:locale\" content=\"en_US\" \/>\n<meta property=\"og:type\" content=\"article\" \/>\n<meta property=\"og:title\" content=\"\u00dcber mich - Tanja Schwarz\" \/>\n<meta property=\"og:description\" content=\"Mein Name ist Tanja und zusammen mit meinem Team begleiten wir dich auf deiner Reise Deutsch zu lernen. Wie? Per Live-Videokonferenz.\" \/>\n<meta property=\"og:url\" content=\"https:\/\/tanjaschwarz.es\/en\/uber-mich\/\" \/>\n<meta property=\"og:site_name\" content=\"Tanja Schwarz\" \/>\n<meta property=\"article:modified_time\" content=\"2024-08-24T10:29:45+00:00\" \/>\n<meta name=\"twitter:card\" content=\"summary_large_image\" \/>\n<meta name=\"twitter:label1\" content=\"Est. reading time\" \/>\n\t<meta name=\"twitter:data1\" content=\"7 minutes\" \/>\n<script type=\"application\/ld+json\" class=\"yoast-schema-graph\">{\"@context\":\"https:\/\/schema.org\",\"@graph\":[{\"@type\":\"WebPage\",\"@id\":\"https:\/\/tanjaschwarz.es\/uber-mich\/\",\"url\":\"https:\/\/tanjaschwarz.es\/uber-mich\/\",\"name\":\"\u00dcber mich - Tanja Schwarz\",\"isPartOf\":{\"@id\":\"https:\/\/tanjaschwarz.es\/#website\"},\"datePublished\":\"2022-05-24T00:57:59+00:00\",\"dateModified\":\"2024-08-24T10:29:45+00:00\",\"description\":\"Mein Name ist Tanja und zusammen mit meinem Team begleiten wir dich auf deiner Reise Deutsch zu lernen. Wie? Per Live-Videokonferenz.\",\"breadcrumb\":{\"@id\":\"https:\/\/tanjaschwarz.es\/uber-mich\/#breadcrumb\"},\"inLanguage\":\"en-US\",\"potentialAction\":[{\"@type\":\"ReadAction\",\"target\":[\"https:\/\/tanjaschwarz.es\/uber-mich\/\"]}]},{\"@type\":\"BreadcrumbList\",\"@id\":\"https:\/\/tanjaschwarz.es\/uber-mich\/#breadcrumb\",\"itemListElement\":[{\"@type\":\"ListItem\",\"position\":1,\"name\":\"Startseite\",\"item\":\"https:\/\/tanjaschwarz.es\/\"},{\"@type\":\"ListItem\",\"position\":2,\"name\":\"\u00dcber mich\"}]},{\"@type\":\"WebSite\",\"@id\":\"https:\/\/tanjaschwarz.es\/#website\",\"url\":\"https:\/\/tanjaschwarz.es\/\",\"name\":\"Tanja Schwarz\",\"description\":\"Online Business Deutsch \",\"potentialAction\":[{\"@type\":\"SearchAction\",\"target\":{\"@type\":\"EntryPoint\",\"urlTemplate\":\"https:\/\/tanjaschwarz.es\/?s={search_term_string}\"},\"query-input\":{\"@type\":\"PropertyValueSpecification\",\"valueRequired\":true,\"valueName\":\"search_term_string\"}}],\"inLanguage\":\"en-US\"}]}<\/script>\n<!-- \/ Yoast SEO plugin. -->","yoast_head_json":{"title":"\u00dcber mich - Tanja Schwarz","description":"Mein Name ist Tanja und zusammen mit meinem Team begleiten wir dich auf deiner Reise Deutsch zu lernen. Wie? Per Live-Videokonferenz.","robots":{"index":"index","follow":"follow","max-snippet":"max-snippet:-1","max-image-preview":"max-image-preview:large","max-video-preview":"max-video-preview:-1"},"canonical":"https:\/\/tanjaschwarz.es\/en\/uber-mich\/","og_locale":"en_US","og_type":"article","og_title":"\u00dcber mich - Tanja Schwarz","og_description":"Mein Name ist Tanja und zusammen mit meinem Team begleiten wir dich auf deiner Reise Deutsch zu lernen. Wie? Per Live-Videokonferenz.","og_url":"https:\/\/tanjaschwarz.es\/en\/uber-mich\/","og_site_name":"Tanja Schwarz","article_modified_time":"2024-08-24T10:29:45+00:00","twitter_card":"summary_large_image","twitter_misc":{"Est. reading time":"7 minutes"},"schema":{"@context":"https:\/\/schema.org","@graph":[{"@type":"WebPage","@id":"https:\/\/tanjaschwarz.es\/uber-mich\/","url":"https:\/\/tanjaschwarz.es\/uber-mich\/","name":"\u00dcber mich - Tanja Schwarz","isPartOf":{"@id":"https:\/\/tanjaschwarz.es\/#website"},"datePublished":"2022-05-24T00:57:59+00:00","dateModified":"2024-08-24T10:29:45+00:00","description":"Mein Name ist Tanja und zusammen mit meinem Team begleiten wir dich auf deiner Reise Deutsch zu lernen. Wie? Per Live-Videokonferenz.","breadcrumb":{"@id":"https:\/\/tanjaschwarz.es\/uber-mich\/#breadcrumb"},"inLanguage":"en-US","potentialAction":[{"@type":"ReadAction","target":["https:\/\/tanjaschwarz.es\/uber-mich\/"]}]},{"@type":"BreadcrumbList","@id":"https:\/\/tanjaschwarz.es\/uber-mich\/#breadcrumb","itemListElement":[{"@type":"ListItem","position":1,"name":"Startseite","item":"https:\/\/tanjaschwarz.es\/"},{"@type":"ListItem","position":2,"name":"\u00dcber mich"}]},{"@type":"WebSite","@id":"https:\/\/tanjaschwarz.es\/#website","url":"https:\/\/tanjaschwarz.es\/","name":"Tanja Schwarz","description":"Online Business Deutsch ","potentialAction":[{"@type":"SearchAction","target":{"@type":"EntryPoint","urlTemplate":"https:\/\/tanjaschwarz.es\/?s={search_term_string}"},"query-input":{"@type":"PropertyValueSpecification","valueRequired":true,"valueName":"search_term_string"}}],"inLanguage":"en-US"}]}},"_links":{"self":[{"href":"https:\/\/tanjaschwarz.es\/en\/wp-json\/wp\/v2\/pages\/1075","targetHints":{"allow":["GET"]}}],"collection":[{"href":"https:\/\/tanjaschwarz.es\/en\/wp-json\/wp\/v2\/pages"}],"about":[{"href":"https:\/\/tanjaschwarz.es\/en\/wp-json\/wp\/v2\/types\/page"}],"author":[{"embeddable":true,"href":"https:\/\/tanjaschwarz.es\/en\/wp-json\/wp\/v2\/users\/2"}],"replies":[{"embeddable":true,"href":"https:\/\/tanjaschwarz.es\/en\/wp-json\/wp\/v2\/comments?post=1075"}],"version-history":[{"count":10,"href":"https:\/\/tanjaschwarz.es\/en\/wp-json\/wp\/v2\/pages\/1075\/revisions"}],"predecessor-version":[{"id":3559,"href":"https:\/\/tanjaschwarz.es\/en\/wp-json\/wp\/v2\/pages\/1075\/revisions\/3559"}],"wp:attachment":[{"href":"https:\/\/tanjaschwarz.es\/en\/wp-json\/wp\/v2\/media?parent=1075"}],"curies":[{"name":"wp","href":"https:\/\/api.w.org\/{rel}","templated":true}]}}