{"id":2734,"date":"2023-11-19T11:45:08","date_gmt":"2023-11-19T10:45:08","guid":{"rendered":"https:\/\/tanjaschwarz.es\/?page_id=2734"},"modified":"2024-01-14T16:33:08","modified_gmt":"2024-01-14T15:33:08","slug":"gluckwunschzureintragung-zur-abgeschlossenen-bestellung","status":"publish","type":"page","link":"https:\/\/tanjaschwarz.es\/en\/gluckwunschzureintragung-zur-abgeschlossenen-bestellung\/","title":{"rendered":"gluckwunschzureintragung zur abgeschlossenen Bestellung"},"content":{"rendered":"<div data-elementor-type=\"wp-page\" data-elementor-id=\"2734\" class=\"elementor elementor-2734\">\n\t\t\t\t\t\t<section class=\"elementor-section elementor-top-section elementor-element elementor-element-5c4cf2db elementor-section-height-min-height elementor-section-content-middle elementor-section-boxed elementor-section-height-default elementor-section-items-middle\" data-id=\"5c4cf2db\" data-element_type=\"section\" data-e-type=\"section\" data-settings=\"{&quot;background_background&quot;:&quot;classic&quot;}\">\n\t\t\t\t\t\t<div class=\"elementor-container elementor-column-gap-no\">\n\t\t\t\t\t<div class=\"elementor-column elementor-col-100 elementor-top-column elementor-element elementor-element-4ca97c2b\" data-id=\"4ca97c2b\" data-element_type=\"column\" data-e-type=\"column\">\n\t\t\t<div class=\"elementor-widget-wrap elementor-element-populated\">\n\t\t\t\t\t\t<div class=\"elementor-element elementor-element-230599ab elementor-invisible elementor-widget elementor-widget-heading\" data-id=\"230599ab\" data-element_type=\"widget\" data-e-type=\"widget\" data-settings=\"{&quot;_animation&quot;:&quot;fadeIn&quot;}\" data-widget_type=\"heading.default\">\n\t\t\t\t<div class=\"elementor-widget-container\">\n\t\t\t\t\t<h1 class=\"elementor-heading-title elementor-size-default\">Fertig<\/h1>\t\t\t\t<\/div>\n\t\t\t\t<\/div>\n\t\t\t\t<div class=\"elementor-element elementor-element-4220d98 elementor-widget elementor-widget-text-editor\" data-id=\"4220d98\" data-element_type=\"widget\" data-e-type=\"widget\" data-widget_type=\"text-editor.default\">\n\t\t\t\t<div class=\"elementor-widget-container\">\n\t\t\t\t\t\t\t\t\t<h6 style=\"text-align: center;\"><span style=\"color: #000000;\">Bitte achte darauf, dass dein Konto gedeckt ist. <\/span><\/h6><h6 style=\"text-align: center;\"><span style=\"color: #000000;\">Es kann sonst zu Mehrkosten in Form von Mahngeb\u00fchren f\u00fcr dich kommen, wenn die Abbuchung fehlschl\u00e4gt.<\/span><\/h6>\t\t\t\t\t\t\t\t<\/div>\n\t\t\t\t<\/div>\n\t\t\t\t\t<\/div>\n\t\t<\/div>\n\t\t\t\t\t<\/div>\n\t\t<\/section>\n\t\t\t\t<section class=\"elementor-section elementor-top-section elementor-element elementor-element-400ec36d elementor-section-content-middle elementor-section-boxed elementor-section-height-default elementor-section-height-default\" data-id=\"400ec36d\" data-element_type=\"section\" data-e-type=\"section\" data-settings=\"{&quot;shape_divider_top&quot;:&quot;tilt&quot;}\">\n\t\t\t\t\t<div class=\"elementor-shape elementor-shape-top\" aria-hidden=\"true\" data-negative=\"false\">\n\t\t\t<svg xmlns=\"http:\/\/www.w3.org\/2000\/svg\" viewbox=\"0 0 1000 100\" preserveaspectratio=\"none\">\n\t<path class=\"elementor-shape-fill\" d=\"M0,6V0h1000v100L0,6z\"\/>\n<\/svg>\t\t<\/div>\n\t\t\t\t\t<div class=\"elementor-container elementor-column-gap-no\">\n\t\t\t\t\t<div class=\"elementor-column elementor-col-100 elementor-top-column elementor-element elementor-element-2012ca4c\" data-id=\"2012ca4c\" data-element_type=\"column\" data-e-type=\"column\">\n\t\t\t<div class=\"elementor-widget-wrap elementor-element-populated\">\n\t\t\t\t\t\t\t<\/div>\n\t\t<\/div>\n\t\t\t\t\t<\/div>\n\t\t<\/section>\n\t\t\t\t<section class=\"elementor-section elementor-top-section elementor-element elementor-element-ecf353e elementor-section-boxed elementor-section-height-default elementor-section-height-default\" data-id=\"ecf353e\" data-element_type=\"section\" data-e-type=\"section\">\n\t\t\t\t\t\t<div class=\"elementor-container elementor-column-gap-default\">\n\t\t\t\t\t<div class=\"elementor-column elementor-col-50 elementor-top-column elementor-element elementor-element-991a3ff\" data-id=\"991a3ff\" data-element_type=\"column\" data-e-type=\"column\">\n\t\t\t<div class=\"elementor-widget-wrap elementor-element-populated\">\n\t\t\t\t\t\t<div class=\"elementor-element elementor-element-4c680d19 elementor-widget elementor-widget-image-box\" data-id=\"4c680d19\" data-element_type=\"widget\" data-e-type=\"widget\" data-widget_type=\"image-box.default\">\n\t\t\t\t<div class=\"elementor-widget-container\">\n\t\t\t\t\t<div class=\"elementor-image-box-wrapper\"><div class=\"elementor-image-box-content\"><h3 class=\"elementor-image-box-title\"><br><br><br>Das kannst du jetzt zus\u00e4tzlich machen:<\/h3><p class=\"elementor-image-box-description\"><pre>\n1# Aboniere meinen Instagram Kanal.\n\nIch ver\u00f6ffentliche regelm\u00e4\u00dfig neue Videos.\n<img decoding=\"async\" style=\"width: 50px\" src=\"https:\/\/tanjaschwarz.es\/wp-content\/uploads\/2023\/11\/3.png\" alt=\"\">\n<a href=\"https:\/\/www.instagram.com\/tanja_schwarz_official\/\" target=\"_blank\" rel=\"noreferrer noopener\">https:\/\/www.instagram.com\/tanja_schwarz_official\/<\/a>\n\n\n2# Aboniere meinen LinkedIn Kanal\n\nBleiben wir in Kontakt!\n<img decoding=\"async\" style=\"width: 44px\" src=\"https:\/\/tanjaschwarz.es\/wp-content\/uploads\/2023\/11\/Linkedin-logo.png\" alt=\"\">\n<a href=\"https:\/\/www.linkedin.com\/in\/schwarz-tanja\/\" target=\"_blank\" rel=\"noreferrer noopener\">https:\/\/www.linkedin.com\/in\/schwarz-tanja\/<\/a><\/pre><\/p><\/div><\/div>\t\t\t\t<\/div>\n\t\t\t\t<\/div>\n\t\t\t\t\t<\/div>\n\t\t<\/div>\n\t\t\t\t<div class=\"elementor-column elementor-col-50 elementor-top-column elementor-element elementor-element-b7d5b26\" data-id=\"b7d5b26\" data-element_type=\"column\" data-e-type=\"column\">\n\t\t\t<div class=\"elementor-widget-wrap elementor-element-populated\">\n\t\t\t\t\t\t<section class=\"elementor-section elementor-inner-section elementor-element elementor-element-45dbdeb0 elementor-section-content-middle elementor-section-boxed elementor-section-height-default elementor-section-height-default\" data-id=\"45dbdeb0\" data-element_type=\"section\" data-e-type=\"section\">\n\t\t\t\t\t\t<div class=\"elementor-container elementor-column-gap-no\">\n\t\t\t\t\t<div class=\"elementor-column elementor-col-100 elementor-inner-column elementor-element elementor-element-3f77c4df\" data-id=\"3f77c4df\" data-element_type=\"column\" data-e-type=\"column\">\n\t\t\t<div class=\"elementor-widget-wrap\">\n\t\t\t\t\t\t\t<\/div>\n\t\t<\/div>\n\t\t\t\t\t<\/div>\n\t\t<\/section>\n\t\t\t\t<div class=\"elementor-element elementor-element-592a5345 elementor-widget elementor-widget-image-box\" data-id=\"592a5345\" data-element_type=\"widget\" data-e-type=\"widget\" data-widget_type=\"image-box.default\">\n\t\t\t\t<div class=\"elementor-widget-container\">\n\t\t\t\t\t<div class=\"elementor-image-box-wrapper\"><div class=\"elementor-image-box-content\"><h3 class=\"elementor-image-box-title\">Herzlichen Gl\u00fcckwunsch!<\/h3><p class=\"elementor-image-box-description\"><pre>Deine Bestellung wurde erfolgreich abgeschlossen!\n\nPr\u00fcfe bitte jetzt dein E-Mail-Postfach.\nDu erh\u00e4ltst eine E-Mail mit Hinweisen zu deinem \nMitgliederbereich und deinem Zugang.\n\nSolltest du Fragen haben oder dich aus irgendwelchen  \nGr\u00fcnden nicht anmelden sowie nicht auf das Produkt \n\"Flie\u00dfend Business Deutsch\" zugreifen k\u00f6nnen, \nkontaktiere mich gerne jederzeit unter\n  vip-support@tanjaschwarz.es.\n\n\"Ich w\u00fcnsche dir mit deinem Produkt brillante Resultate!\"\n\nHerzlichst\nDeine Tanja <\/pre>\n<!-- \/wp:preformatted -->\n <\/p><\/div><\/div>\t\t\t\t<\/div>\n\t\t\t\t<\/div>\n\t\t\t\t\t<\/div>\n\t\t<\/div>\n\t\t\t\t\t<\/div>\n\t\t<\/section>\n\t\t\t\t<\/div>","protected":false},"excerpt":{"rendered":"<p>Fertig Bitte achte darauf, dass dein Konto gedeckt ist. Es kann sonst zu Mehrkosten in Form von Mahngeb\u00fchren f\u00fcr dich kommen, wenn die Abbuchung fehlschl\u00e4gt. Das kannst du jetzt zus\u00e4tzlich machen: 1# Aboniere meinen Instagram [&hellip;]<\/p>","protected":false},"author":1,"featured_media":0,"parent":0,"menu_order":0,"comment_status":"closed","ping_status":"closed","template":"","meta":{"_eb_attr":"","_monsterinsights_skip_tracking":false,"_monsterinsights_sitenote_active":false,"_monsterinsights_sitenote_note":"","_monsterinsights_sitenote_category":0,"footnotes":""},"class_list":["post-2734","page","type-page","status-publish","hentry"],"yoast_head":"<!-- This site is optimized with the Yoast SEO plugin v23.4 - https:\/\/yoast.com\/wordpress\/plugins\/seo\/ -->\n<title>gluckwunschzureintragung zur abgeschlossenen Bestellung - Tanja Schwarz<\/title>\n<meta name=\"robots\" content=\"index, follow, max-snippet:-1, max-image-preview:large, max-video-preview:-1\" \/>\n<link rel=\"canonical\" href=\"https:\/\/tanjaschwarz.es\/en\/gluckwunschzureintragung-zur-abgeschlossenen-bestellung\/\" \/>\n<meta property=\"og:locale\" content=\"en_US\" \/>\n<meta property=\"og:type\" content=\"article\" \/>\n<meta property=\"og:title\" content=\"gluckwunschzureintragung zur abgeschlossenen Bestellung - Tanja Schwarz\" \/>\n<meta property=\"og:description\" content=\"Fertig Bitte achte darauf, dass dein Konto gedeckt ist. Es kann sonst zu Mehrkosten in Form von Mahngeb\u00fchren f\u00fcr dich kommen, wenn die Abbuchung fehlschl\u00e4gt. Das kannst du jetzt zus\u00e4tzlich machen: 1# Aboniere meinen Instagram [&hellip;]\" \/>\n<meta property=\"og:url\" content=\"https:\/\/tanjaschwarz.es\/en\/gluckwunschzureintragung-zur-abgeschlossenen-bestellung\/\" \/>\n<meta property=\"og:site_name\" content=\"Tanja Schwarz\" \/>\n<meta property=\"article:modified_time\" content=\"2024-01-14T15:33:08+00:00\" \/>\n<meta property=\"og:image\" content=\"https:\/\/tanjaschwarz.es\/wp-content\/uploads\/2023\/11\/3.png\" \/>\n<meta name=\"twitter:card\" content=\"summary_large_image\" \/>\n<script type=\"application\/ld+json\" class=\"yoast-schema-graph\">{\"@context\":\"https:\/\/schema.org\",\"@graph\":[{\"@type\":\"WebPage\",\"@id\":\"https:\/\/tanjaschwarz.es\/gluckwunschzureintragung-zur-abgeschlossenen-bestellung\/\",\"url\":\"https:\/\/tanjaschwarz.es\/gluckwunschzureintragung-zur-abgeschlossenen-bestellung\/\",\"name\":\"gluckwunschzureintragung zur abgeschlossenen Bestellung - Tanja Schwarz\",\"isPartOf\":{\"@id\":\"https:\/\/tanjaschwarz.es\/#website\"},\"primaryImageOfPage\":{\"@id\":\"https:\/\/tanjaschwarz.es\/gluckwunschzureintragung-zur-abgeschlossenen-bestellung\/#primaryimage\"},\"image\":{\"@id\":\"https:\/\/tanjaschwarz.es\/gluckwunschzureintragung-zur-abgeschlossenen-bestellung\/#primaryimage\"},\"thumbnailUrl\":\"https:\/\/tanjaschwarz.es\/wp-content\/uploads\/2023\/11\/3.png\",\"datePublished\":\"2023-11-19T10:45:08+00:00\",\"dateModified\":\"2024-01-14T15:33:08+00:00\",\"breadcrumb\":{\"@id\":\"https:\/\/tanjaschwarz.es\/gluckwunschzureintragung-zur-abgeschlossenen-bestellung\/#breadcrumb\"},\"inLanguage\":\"en-US\",\"potentialAction\":[{\"@type\":\"ReadAction\",\"target\":[\"https:\/\/tanjaschwarz.es\/gluckwunschzureintragung-zur-abgeschlossenen-bestellung\/\"]}]},{\"@type\":\"ImageObject\",\"inLanguage\":\"en-US\",\"@id\":\"https:\/\/tanjaschwarz.es\/gluckwunschzureintragung-zur-abgeschlossenen-bestellung\/#primaryimage\",\"url\":\"https:\/\/tanjaschwarz.es\/wp-content\/uploads\/2023\/11\/3.png\",\"contentUrl\":\"https:\/\/tanjaschwarz.es\/wp-content\/uploads\/2023\/11\/3.png\"},{\"@type\":\"BreadcrumbList\",\"@id\":\"https:\/\/tanjaschwarz.es\/gluckwunschzureintragung-zur-abgeschlossenen-bestellung\/#breadcrumb\",\"itemListElement\":[{\"@type\":\"ListItem\",\"position\":1,\"name\":\"Startseite\",\"item\":\"https:\/\/tanjaschwarz.es\/\"},{\"@type\":\"ListItem\",\"position\":2,\"name\":\"gluckwunschzureintragung zur abgeschlossenen Bestellung\"}]},{\"@type\":\"WebSite\",\"@id\":\"https:\/\/tanjaschwarz.es\/#website\",\"url\":\"https:\/\/tanjaschwarz.es\/\",\"name\":\"Tanja Schwarz\",\"description\":\"Online Business Deutsch \",\"potentialAction\":[{\"@type\":\"SearchAction\",\"target\":{\"@type\":\"EntryPoint\",\"urlTemplate\":\"https:\/\/tanjaschwarz.es\/?s={search_term_string}\"},\"query-input\":{\"@type\":\"PropertyValueSpecification\",\"valueRequired\":true,\"valueName\":\"search_term_string\"}}],\"inLanguage\":\"en-US\"}]}<\/script>\n<!-- \/ Yoast SEO plugin. -->","yoast_head_json":{"title":"gluckwunschzureintragung zur abgeschlossenen Bestellung - Tanja Schwarz","robots":{"index":"index","follow":"follow","max-snippet":"max-snippet:-1","max-image-preview":"max-image-preview:large","max-video-preview":"max-video-preview:-1"},"canonical":"https:\/\/tanjaschwarz.es\/en\/gluckwunschzureintragung-zur-abgeschlossenen-bestellung\/","og_locale":"en_US","og_type":"article","og_title":"gluckwunschzureintragung zur abgeschlossenen Bestellung - Tanja Schwarz","og_description":"Fertig Bitte achte darauf, dass dein Konto gedeckt ist. Es kann sonst zu Mehrkosten in Form von Mahngeb\u00fchren f\u00fcr dich kommen, wenn die Abbuchung fehlschl\u00e4gt. Das kannst du jetzt zus\u00e4tzlich machen: 1# Aboniere meinen Instagram [&hellip;]","og_url":"https:\/\/tanjaschwarz.es\/en\/gluckwunschzureintragung-zur-abgeschlossenen-bestellung\/","og_site_name":"Tanja Schwarz","article_modified_time":"2024-01-14T15:33:08+00:00","og_image":[{"url":"https:\/\/tanjaschwarz.es\/wp-content\/uploads\/2023\/11\/3.png"}],"twitter_card":"summary_large_image","schema":{"@context":"https:\/\/schema.org","@graph":[{"@type":"WebPage","@id":"https:\/\/tanjaschwarz.es\/gluckwunschzureintragung-zur-abgeschlossenen-bestellung\/","url":"https:\/\/tanjaschwarz.es\/gluckwunschzureintragung-zur-abgeschlossenen-bestellung\/","name":"gluckwunschzureintragung zur abgeschlossenen Bestellung - Tanja Schwarz","isPartOf":{"@id":"https:\/\/tanjaschwarz.es\/#website"},"primaryImageOfPage":{"@id":"https:\/\/tanjaschwarz.es\/gluckwunschzureintragung-zur-abgeschlossenen-bestellung\/#primaryimage"},"image":{"@id":"https:\/\/tanjaschwarz.es\/gluckwunschzureintragung-zur-abgeschlossenen-bestellung\/#primaryimage"},"thumbnailUrl":"https:\/\/tanjaschwarz.es\/wp-content\/uploads\/2023\/11\/3.png","datePublished":"2023-11-19T10:45:08+00:00","dateModified":"2024-01-14T15:33:08+00:00","breadcrumb":{"@id":"https:\/\/tanjaschwarz.es\/gluckwunschzureintragung-zur-abgeschlossenen-bestellung\/#breadcrumb"},"inLanguage":"en-US","potentialAction":[{"@type":"ReadAction","target":["https:\/\/tanjaschwarz.es\/gluckwunschzureintragung-zur-abgeschlossenen-bestellung\/"]}]},{"@type":"ImageObject","inLanguage":"en-US","@id":"https:\/\/tanjaschwarz.es\/gluckwunschzureintragung-zur-abgeschlossenen-bestellung\/#primaryimage","url":"https:\/\/tanjaschwarz.es\/wp-content\/uploads\/2023\/11\/3.png","contentUrl":"https:\/\/tanjaschwarz.es\/wp-content\/uploads\/2023\/11\/3.png"},{"@type":"BreadcrumbList","@id":"https:\/\/tanjaschwarz.es\/gluckwunschzureintragung-zur-abgeschlossenen-bestellung\/#breadcrumb","itemListElement":[{"@type":"ListItem","position":1,"name":"Startseite","item":"https:\/\/tanjaschwarz.es\/"},{"@type":"ListItem","position":2,"name":"gluckwunschzureintragung zur abgeschlossenen Bestellung"}]},{"@type":"WebSite","@id":"https:\/\/tanjaschwarz.es\/#website","url":"https:\/\/tanjaschwarz.es\/","name":"Tanja Schwarz","description":"Online Business Deutsch ","potentialAction":[{"@type":"SearchAction","target":{"@type":"EntryPoint","urlTemplate":"https:\/\/tanjaschwarz.es\/?s={search_term_string}"},"query-input":{"@type":"PropertyValueSpecification","valueRequired":true,"valueName":"search_term_string"}}],"inLanguage":"en-US"}]}},"_links":{"self":[{"href":"https:\/\/tanjaschwarz.es\/en\/wp-json\/wp\/v2\/pages\/2734","targetHints":{"allow":["GET"]}}],"collection":[{"href":"https:\/\/tanjaschwarz.es\/en\/wp-json\/wp\/v2\/pages"}],"about":[{"href":"https:\/\/tanjaschwarz.es\/en\/wp-json\/wp\/v2\/types\/page"}],"author":[{"embeddable":true,"href":"https:\/\/tanjaschwarz.es\/en\/wp-json\/wp\/v2\/users\/1"}],"replies":[{"embeddable":true,"href":"https:\/\/tanjaschwarz.es\/en\/wp-json\/wp\/v2\/comments?post=2734"}],"version-history":[{"count":11,"href":"https:\/\/tanjaschwarz.es\/en\/wp-json\/wp\/v2\/pages\/2734\/revisions"}],"predecessor-version":[{"id":2944,"href":"https:\/\/tanjaschwarz.es\/en\/wp-json\/wp\/v2\/pages\/2734\/revisions\/2944"}],"wp:attachment":[{"href":"https:\/\/tanjaschwarz.es\/en\/wp-json\/wp\/v2\/media?parent=2734"}],"curies":[{"name":"wp","href":"https:\/\/api.w.org\/{rel}","templated":true}]}}